{"id":9,"date":"2015-06-07T23:30:08","date_gmt":"2015-06-07T23:30:08","guid":{"rendered":"http:\/\/ancsi.sportmonitor.info\/?page_id=9"},"modified":"2015-06-15T15:50:34","modified_gmt":"2015-06-15T15:50:34","slug":"rolam","status":"publish","type":"page","link":"https:\/\/ancsi.sportmonitor.info\/index.php\/rolam\/","title":{"rendered":"R\u00f3lam"},"content":{"rendered":"<p style=\"text-align: left;\">\/2015.05.20-\u00e1n k\u00e9sz\u00fclt \u00f6n\u00e9letrajzom egy helyi c\u00e9g sz\u00e1m\u00e1ra\/<\/p>\n<p><a  href=\"http:\/\/ancsi.sportmonitor.info\/wp-content\/uploads\/2015\/06\/SzaboAnita_CV.jpg\" data-rel=\"lightbox-gallery-0\" data-rl_title=\"SzaboAnita_CV\" data-rl_caption=\"\" title=\"SzaboAnita_CV\"><img loading=\"lazy\" decoding=\"async\" class=\" wp-image-11 size-full aligncenter\" src=\"http:\/\/ancsi.sportmonitor.info\/wp-content\/uploads\/2015\/06\/SzaboAnita_CV.jpg\" alt=\"SzaboAnita_CV\" width=\"1500\" height=\"2857\" srcset=\"https:\/\/ancsi.sportmonitor.info\/wp-content\/uploads\/2015\/06\/SzaboAnita_CV.jpg 1500w, https:\/\/ancsi.sportmonitor.info\/wp-content\/uploads\/2015\/06\/SzaboAnita_CV-79x150.jpg 79w, https:\/\/ancsi.sportmonitor.info\/wp-content\/uploads\/2015\/06\/SzaboAnita_CV-158x300.jpg 158w, https:\/\/ancsi.sportmonitor.info\/wp-content\/uploads\/2015\/06\/SzaboAnita_CV-538x1024.jpg 538w\" sizes=\"auto, (max-width: 1500px) 100vw, 1500px\" \/><\/a><\/p>\n","protected":false},"excerpt":{"rendered":"<p>\/2015.05.20-\u00e1n k\u00e9sz\u00fclt \u00f6n\u00e9letrajzom egy helyi c\u00e9g sz\u00e1m\u00e1ra\/<\/p>\n","protected":false},"author":1,"featured_media":0,"parent":0,"menu_order":0,"comment_status":"closed","ping_status":"closed","template":"","meta":{"footnotes":""},"class_list":["post-9","page","type-page","status-publish","hentry"],"_links":{"self":[{"href":"https:\/\/ancsi.sportmonitor.info\/index.php\/wp-json\/wp\/v2\/pages\/9","targetHints":{"allow":["GET"]}}],"collection":[{"href":"https:\/\/ancsi.sportmonitor.info\/index.php\/wp-json\/wp\/v2\/pages"}],"about":[{"href":"https:\/\/ancsi.sportmonitor.info\/index.php\/wp-json\/wp\/v2\/types\/page"}],"author":[{"embeddable":true,"href":"https:\/\/ancsi.sportmonitor.info\/index.php\/wp-json\/wp\/v2\/users\/1"}],"replies":[{"embeddable":true,"href":"https:\/\/ancsi.sportmonitor.info\/index.php\/wp-json\/wp\/v2\/comments?post=9"}],"version-history":[{"count":7,"href":"https:\/\/ancsi.sportmonitor.info\/index.php\/wp-json\/wp\/v2\/pages\/9\/revisions"}],"predecessor-version":[{"id":937,"href":"https:\/\/ancsi.sportmonitor.info\/index.php\/wp-json\/wp\/v2\/pages\/9\/revisions\/937"}],"wp:attachment":[{"href":"https:\/\/ancsi.sportmonitor.info\/index.php\/wp-json\/wp\/v2\/media?parent=9"}],"curies":[{"name":"wp","href":"https:\/\/api.w.org\/{rel}","templated":true}]}}